{"id":5139,"date":"2023-11-16T13:29:04","date_gmt":"2023-11-16T12:29:04","guid":{"rendered":"https:\/\/www.mbal.ch\/?page_id=5139"},"modified":"2023-11-22T10:25:47","modified_gmt":"2023-11-22T09:25:47","slug":"archive-press","status":"publish","type":"page","link":"https:\/\/www.mbal.ch\/en\/press\/archive-press\/","title":{"rendered":"Press archives"},"content":{"rendered":"","protected":false},"excerpt":{"rendered":"","protected":false},"author":1,"featured_media":4522,"parent":5122,"menu_order":0,"comment_status":"closed","ping_status":"closed","template":"template-presse.php","meta":{"_acf_changed":false,"footnotes":""},"class_list":["post-5139","page","type-page","status-publish","has-post-thumbnail","hentry"],"acf":[],"yoast_head":"<!-- This site is optimized with the Yoast SEO plugin v27.3 - https:\/\/yoast.com\/product\/yoast-seo-wordpress\/ -->\n<title>Press archives - MBAL<\/title>\n<meta name=\"robots\" content=\"index, follow, max-snippet:-1, max-image-preview:large, max-video-preview:-1\" \/>\n<link rel=\"canonical\" href=\"https:\/\/www.mbal.ch\/en\/press\/archive-press\/\" \/>\n<meta property=\"og:locale\" content=\"en_US\" \/>\n<meta property=\"og:type\" content=\"article\" \/>\n<meta property=\"og:title\" content=\"Press archives - MBAL\" \/>\n<meta property=\"og:url\" content=\"https:\/\/www.mbal.ch\/en\/press\/archive-press\/\" \/>\n<meta property=\"og:site_name\" content=\"MBAL\" \/>\n<meta property=\"article:publisher\" content=\"https:\/\/www.facebook.com\/mbalelocle\/?fref=ts\" \/>\n<meta property=\"article:modified_time\" content=\"2023-11-22T09:25:47+00:00\" \/>\n<meta property=\"og:image\" content=\"https:\/\/www.mbal.ch\/mbalwp\/wp-content\/uploads\/2023\/09\/Capture-decran-2023-09-14-085854.png\" \/>\n\t<meta property=\"og:image:width\" content=\"1120\" \/>\n\t<meta property=\"og:image:height\" content=\"880\" \/>\n\t<meta property=\"og:image:type\" content=\"image\/png\" \/>\n<meta name=\"twitter:card\" content=\"summary_large_image\" \/>\n<script type=\"application\/ld+json\" class=\"yoast-schema-graph\">{\"@context\":\"https:\\\/\\\/schema.org\",\"@graph\":[{\"@type\":\"WebPage\",\"@id\":\"https:\\\/\\\/www.mbal.ch\\\/en\\\/press\\\/archive-press\\\/\",\"url\":\"https:\\\/\\\/www.mbal.ch\\\/en\\\/press\\\/archive-press\\\/\",\"name\":\"Press archives - MBAL\",\"isPartOf\":{\"@id\":\"https:\\\/\\\/www.mbal.ch\\\/#website\"},\"primaryImageOfPage\":{\"@id\":\"https:\\\/\\\/www.mbal.ch\\\/en\\\/press\\\/archive-press\\\/#primaryimage\"},\"image\":{\"@id\":\"https:\\\/\\\/www.mbal.ch\\\/en\\\/press\\\/archive-press\\\/#primaryimage\"},\"thumbnailUrl\":\"https:\\\/\\\/www.mbal.ch\\\/mbalwp\\\/wp-content\\\/uploads\\\/2023\\\/09\\\/Capture-decran-2023-09-14-085854.png\",\"datePublished\":\"2023-11-16T12:29:04+00:00\",\"dateModified\":\"2023-11-22T09:25:47+00:00\",\"breadcrumb\":{\"@id\":\"https:\\\/\\\/www.mbal.ch\\\/en\\\/press\\\/archive-press\\\/#breadcrumb\"},\"inLanguage\":\"en-US\",\"potentialAction\":[{\"@type\":\"ReadAction\",\"target\":[\"https:\\\/\\\/www.mbal.ch\\\/en\\\/press\\\/archive-press\\\/\"]}]},{\"@type\":\"ImageObject\",\"inLanguage\":\"en-US\",\"@id\":\"https:\\\/\\\/www.mbal.ch\\\/en\\\/press\\\/archive-press\\\/#primaryimage\",\"url\":\"https:\\\/\\\/www.mbal.ch\\\/mbalwp\\\/wp-content\\\/uploads\\\/2023\\\/09\\\/Capture-decran-2023-09-14-085854.png\",\"contentUrl\":\"https:\\\/\\\/www.mbal.ch\\\/mbalwp\\\/wp-content\\\/uploads\\\/2023\\\/09\\\/Capture-decran-2023-09-14-085854.png\",\"width\":1120,\"height\":880,\"caption\":\"Underwood & Underwood, Circus broadcasted by radio for first time, 1925. Photo utilis\u00e9e dans le cadre du projet Vive la R\u00e9sistance ! de Marta Bogda\u0144ska, 2022.\"},{\"@type\":\"BreadcrumbList\",\"@id\":\"https:\\\/\\\/www.mbal.ch\\\/en\\\/press\\\/archive-press\\\/#breadcrumb\",\"itemListElement\":[{\"@type\":\"ListItem\",\"position\":1,\"name\":\"Accueil\",\"item\":\"https:\\\/\\\/www.mbal.ch\\\/en\\\/\"},{\"@type\":\"ListItem\",\"position\":2,\"name\":\"Press\",\"item\":\"https:\\\/\\\/www.mbal.ch\\\/en\\\/press\\\/\"},{\"@type\":\"ListItem\",\"position\":3,\"name\":\"Press archives\"}]},{\"@type\":\"WebSite\",\"@id\":\"https:\\\/\\\/www.mbal.ch\\\/#website\",\"url\":\"https:\\\/\\\/www.mbal.ch\\\/\",\"name\":\"MBAL\",\"description\":\"Mus\u00e9e des beaux-arts du Locle\",\"publisher\":{\"@id\":\"https:\\\/\\\/www.mbal.ch\\\/#organization\"},\"potentialAction\":[{\"@type\":\"SearchAction\",\"target\":{\"@type\":\"EntryPoint\",\"urlTemplate\":\"https:\\\/\\\/www.mbal.ch\\\/?s={search_term_string}\"},\"query-input\":{\"@type\":\"PropertyValueSpecification\",\"valueRequired\":true,\"valueName\":\"search_term_string\"}}],\"inLanguage\":\"en-US\"},{\"@type\":\"Organization\",\"@id\":\"https:\\\/\\\/www.mbal.ch\\\/#organization\",\"name\":\"Mus\u00e9e des beaux-arts du Locle\",\"url\":\"https:\\\/\\\/www.mbal.ch\\\/\",\"logo\":{\"@type\":\"ImageObject\",\"inLanguage\":\"en-US\",\"@id\":\"https:\\\/\\\/www.mbal.ch\\\/#\\\/schema\\\/logo\\\/image\\\/\",\"url\":\"https:\\\/\\\/www.mbal.ch\\\/mbalwp\\\/wp-content\\\/uploads\\\/2021\\\/01\\\/cropped-favicon_mbal.png\",\"contentUrl\":\"https:\\\/\\\/www.mbal.ch\\\/mbalwp\\\/wp-content\\\/uploads\\\/2021\\\/01\\\/cropped-favicon_mbal.png\",\"width\":512,\"height\":512,\"caption\":\"Mus\u00e9e des beaux-arts du Locle\"},\"image\":{\"@id\":\"https:\\\/\\\/www.mbal.ch\\\/#\\\/schema\\\/logo\\\/image\\\/\"},\"sameAs\":[\"https:\\\/\\\/www.facebook.com\\\/mbalelocle\\\/?fref=ts\",\"https:\\\/\\\/www.instagram.com\\\/mbalelocle\\\/\"]}]}<\/script>\n<!-- \/ Yoast SEO plugin. -->","yoast_head_json":{"title":"Press archives - MBAL","robots":{"index":"index","follow":"follow","max-snippet":"max-snippet:-1","max-image-preview":"max-image-preview:large","max-video-preview":"max-video-preview:-1"},"canonical":"https:\/\/www.mbal.ch\/en\/press\/archive-press\/","og_locale":"en_US","og_type":"article","og_title":"Press archives - MBAL","og_url":"https:\/\/www.mbal.ch\/en\/press\/archive-press\/","og_site_name":"MBAL","article_publisher":"https:\/\/www.facebook.com\/mbalelocle\/?fref=ts","article_modified_time":"2023-11-22T09:25:47+00:00","og_image":[{"width":1120,"height":880,"url":"https:\/\/www.mbal.ch\/mbalwp\/wp-content\/uploads\/2023\/09\/Capture-decran-2023-09-14-085854.png","type":"image\/png"}],"twitter_card":"summary_large_image","schema":{"@context":"https:\/\/schema.org","@graph":[{"@type":"WebPage","@id":"https:\/\/www.mbal.ch\/en\/press\/archive-press\/","url":"https:\/\/www.mbal.ch\/en\/press\/archive-press\/","name":"Press archives - MBAL","isPartOf":{"@id":"https:\/\/www.mbal.ch\/#website"},"primaryImageOfPage":{"@id":"https:\/\/www.mbal.ch\/en\/press\/archive-press\/#primaryimage"},"image":{"@id":"https:\/\/www.mbal.ch\/en\/press\/archive-press\/#primaryimage"},"thumbnailUrl":"https:\/\/www.mbal.ch\/mbalwp\/wp-content\/uploads\/2023\/09\/Capture-decran-2023-09-14-085854.png","datePublished":"2023-11-16T12:29:04+00:00","dateModified":"2023-11-22T09:25:47+00:00","breadcrumb":{"@id":"https:\/\/www.mbal.ch\/en\/press\/archive-press\/#breadcrumb"},"inLanguage":"en-US","potentialAction":[{"@type":"ReadAction","target":["https:\/\/www.mbal.ch\/en\/press\/archive-press\/"]}]},{"@type":"ImageObject","inLanguage":"en-US","@id":"https:\/\/www.mbal.ch\/en\/press\/archive-press\/#primaryimage","url":"https:\/\/www.mbal.ch\/mbalwp\/wp-content\/uploads\/2023\/09\/Capture-decran-2023-09-14-085854.png","contentUrl":"https:\/\/www.mbal.ch\/mbalwp\/wp-content\/uploads\/2023\/09\/Capture-decran-2023-09-14-085854.png","width":1120,"height":880,"caption":"Underwood & Underwood, Circus broadcasted by radio for first time, 1925. Photo utilis\u00e9e dans le cadre du projet Vive la R\u00e9sistance ! de Marta Bogda\u0144ska, 2022."},{"@type":"BreadcrumbList","@id":"https:\/\/www.mbal.ch\/en\/press\/archive-press\/#breadcrumb","itemListElement":[{"@type":"ListItem","position":1,"name":"Accueil","item":"https:\/\/www.mbal.ch\/en\/"},{"@type":"ListItem","position":2,"name":"Press","item":"https:\/\/www.mbal.ch\/en\/press\/"},{"@type":"ListItem","position":3,"name":"Press archives"}]},{"@type":"WebSite","@id":"https:\/\/www.mbal.ch\/#website","url":"https:\/\/www.mbal.ch\/","name":"MBAL","description":"Mus\u00e9e des beaux-arts du Locle","publisher":{"@id":"https:\/\/www.mbal.ch\/#organization"},"potentialAction":[{"@type":"SearchAction","target":{"@type":"EntryPoint","urlTemplate":"https:\/\/www.mbal.ch\/?s={search_term_string}"},"query-input":{"@type":"PropertyValueSpecification","valueRequired":true,"valueName":"search_term_string"}}],"inLanguage":"en-US"},{"@type":"Organization","@id":"https:\/\/www.mbal.ch\/#organization","name":"Mus\u00e9e des beaux-arts du Locle","url":"https:\/\/www.mbal.ch\/","logo":{"@type":"ImageObject","inLanguage":"en-US","@id":"https:\/\/www.mbal.ch\/#\/schema\/logo\/image\/","url":"https:\/\/www.mbal.ch\/mbalwp\/wp-content\/uploads\/2021\/01\/cropped-favicon_mbal.png","contentUrl":"https:\/\/www.mbal.ch\/mbalwp\/wp-content\/uploads\/2021\/01\/cropped-favicon_mbal.png","width":512,"height":512,"caption":"Mus\u00e9e des beaux-arts du Locle"},"image":{"@id":"https:\/\/www.mbal.ch\/#\/schema\/logo\/image\/"},"sameAs":["https:\/\/www.facebook.com\/mbalelocle\/?fref=ts","https:\/\/www.instagram.com\/mbalelocle\/"]}]}},"_links":{"self":[{"href":"https:\/\/www.mbal.ch\/en\/wp-json\/wp\/v2\/pages\/5139","targetHints":{"allow":["GET"]}}],"collection":[{"href":"https:\/\/www.mbal.ch\/en\/wp-json\/wp\/v2\/pages"}],"about":[{"href":"https:\/\/www.mbal.ch\/en\/wp-json\/wp\/v2\/types\/page"}],"author":[{"embeddable":true,"href":"https:\/\/www.mbal.ch\/en\/wp-json\/wp\/v2\/users\/1"}],"replies":[{"embeddable":true,"href":"https:\/\/www.mbal.ch\/en\/wp-json\/wp\/v2\/comments?post=5139"}],"version-history":[{"count":4,"href":"https:\/\/www.mbal.ch\/en\/wp-json\/wp\/v2\/pages\/5139\/revisions"}],"predecessor-version":[{"id":5216,"href":"https:\/\/www.mbal.ch\/en\/wp-json\/wp\/v2\/pages\/5139\/revisions\/5216"}],"up":[{"embeddable":true,"href":"https:\/\/www.mbal.ch\/en\/wp-json\/wp\/v2\/pages\/5122"}],"wp:featuredmedia":[{"embeddable":true,"href":"https:\/\/www.mbal.ch\/en\/wp-json\/wp\/v2\/media\/4522"}],"wp:attachment":[{"href":"https:\/\/www.mbal.ch\/en\/wp-json\/wp\/v2\/media?parent=5139"}],"curies":[{"name":"wp","href":"https:\/\/api.w.org\/{rel}","templated":true}]}}