{"id":1560,"date":"2021-01-04T11:30:58","date_gmt":"2021-01-04T10:30:58","guid":{"rendered":"https:\/\/hawai.li\/mbal\/le-mbal\/societe-du-musee\/"},"modified":"2025-06-05T15:44:00","modified_gmt":"2025-06-05T13:44:00","slug":"societe-du-musee","status":"publish","type":"page","link":"https:\/\/www.mbal.ch\/en\/le-mbal\/societe-du-musee\/","title":{"rendered":"Soci\u00e9t\u00e9 des beaux-arts"},"content":{"rendered":"\n<p>Established in 1862, the Soci\u00e9t\u00e9 des beaux-arts et du mus\u00e9e is at the origin of the MBAL\u2019s foundation in 1864. Since its creation and as the main owner, the Society has contributed to maintain and increase the MBAL\u2019s collection. Consisting of a committee and contributing members, the Society is very active in the MBAL\u2019s development and the cultural outreach. Among its recent actions, there is its decisive role played during the renovation that have taken place between 2011 and 2014. The Society finances as well exhibitions thanks to fundraisings and its own funds.<\/p>\n","protected":false},"excerpt":{"rendered":"<p>Established in 1862, the Soci\u00e9t\u00e9 des beaux-arts et du mus\u00e9e is at the origin of the MBAL\u2019s foundation in 1864. Since its creation and as the main owner, the Society has contributed to maintain and increase the MBAL\u2019s collection. Consisting of a committee and contributing members, the Society is very active in the MBAL\u2019s development [&hellip;]<\/p>\n","protected":false},"author":1,"featured_media":6081,"parent":1518,"menu_order":0,"comment_status":"closed","ping_status":"closed","template":"","meta":{"_acf_changed":false,"footnotes":""},"class_list":["post-1560","page","type-page","status-publish","has-post-thumbnail","hentry"],"acf":[],"yoast_head":"<!-- This site is optimized with the Yoast SEO plugin v27.2 - https:\/\/yoast.com\/product\/yoast-seo-wordpress\/ -->\n<title>Soci\u00e9t\u00e9 des beaux-arts - MBAL<\/title>\n<meta name=\"robots\" content=\"index, follow, max-snippet:-1, max-image-preview:large, max-video-preview:-1\" \/>\n<link rel=\"canonical\" href=\"https:\/\/www.mbal.ch\/en\/le-mbal\/societe-du-musee\/\" \/>\n<meta property=\"og:locale\" content=\"en_US\" \/>\n<meta property=\"og:type\" content=\"article\" \/>\n<meta property=\"og:title\" content=\"Soci\u00e9t\u00e9 des beaux-arts - MBAL\" \/>\n<meta property=\"og:description\" content=\"Established in 1862, the Soci\u00e9t\u00e9 des beaux-arts et du mus\u00e9e is at the origin of the MBAL\u2019s foundation in 1864. Since its creation and as the main owner, the Society has contributed to maintain and increase the MBAL\u2019s collection. Consisting of a committee and contributing members, the Society is very active in the MBAL\u2019s development [&hellip;]\" \/>\n<meta property=\"og:url\" content=\"https:\/\/www.mbal.ch\/en\/le-mbal\/societe-du-musee\/\" \/>\n<meta property=\"og:site_name\" content=\"MBAL\" \/>\n<meta property=\"article:publisher\" content=\"https:\/\/www.facebook.com\/mbalelocle\/?fref=ts\" \/>\n<meta property=\"article:modified_time\" content=\"2025-06-05T13:44:00+00:00\" \/>\n<meta property=\"og:image\" content=\"https:\/\/www.mbal.ch\/mbalwp\/wp-content\/uploads\/2024\/05\/MBAL-exhib-0324-134-2-web.jpg\" \/>\n\t<meta property=\"og:image:width\" content=\"2391\" \/>\n\t<meta property=\"og:image:height\" content=\"1800\" \/>\n\t<meta property=\"og:image:type\" content=\"image\/jpeg\" \/>\n<meta name=\"twitter:card\" content=\"summary_large_image\" \/>\n<meta name=\"twitter:label1\" content=\"Est. reading time\" \/>\n\t<meta name=\"twitter:data1\" content=\"1 minute\" \/>\n<script type=\"application\/ld+json\" class=\"yoast-schema-graph\">{\"@context\":\"https:\/\/schema.org\",\"@graph\":[{\"@type\":\"WebPage\",\"@id\":\"https:\/\/www.mbal.ch\/en\/le-mbal\/societe-du-musee\/\",\"url\":\"https:\/\/www.mbal.ch\/en\/le-mbal\/societe-du-musee\/\",\"name\":\"Soci\u00e9t\u00e9 des beaux-arts - MBAL\",\"isPartOf\":{\"@id\":\"https:\/\/www.mbal.ch\/#website\"},\"primaryImageOfPage\":{\"@id\":\"https:\/\/www.mbal.ch\/en\/le-mbal\/societe-du-musee\/#primaryimage\"},\"image\":{\"@id\":\"https:\/\/www.mbal.ch\/en\/le-mbal\/societe-du-musee\/#primaryimage\"},\"thumbnailUrl\":\"https:\/\/www.mbal.ch\/mbalwp\/wp-content\/uploads\/2024\/05\/MBAL-exhib-0324-134-2-web.jpg\",\"datePublished\":\"2021-01-04T10:30:58+00:00\",\"dateModified\":\"2025-06-05T13:44:00+00:00\",\"breadcrumb\":{\"@id\":\"https:\/\/www.mbal.ch\/en\/le-mbal\/societe-du-musee\/#breadcrumb\"},\"inLanguage\":\"en-US\",\"potentialAction\":[{\"@type\":\"ReadAction\",\"target\":[\"https:\/\/www.mbal.ch\/en\/le-mbal\/societe-du-musee\/\"]}]},{\"@type\":\"ImageObject\",\"inLanguage\":\"en-US\",\"@id\":\"https:\/\/www.mbal.ch\/en\/le-mbal\/societe-du-musee\/#primaryimage\",\"url\":\"https:\/\/www.mbal.ch\/mbalwp\/wp-content\/uploads\/2024\/05\/MBAL-exhib-0324-134-2-web.jpg\",\"contentUrl\":\"https:\/\/www.mbal.ch\/mbalwp\/wp-content\/uploads\/2024\/05\/MBAL-exhib-0324-134-2-web.jpg\",\"width\":2391,\"height\":1800},{\"@type\":\"BreadcrumbList\",\"@id\":\"https:\/\/www.mbal.ch\/en\/le-mbal\/societe-du-musee\/#breadcrumb\",\"itemListElement\":[{\"@type\":\"ListItem\",\"position\":1,\"name\":\"Accueil\",\"item\":\"https:\/\/www.mbal.ch\/en\/\"},{\"@type\":\"ListItem\",\"position\":2,\"name\":\"The MBAL\",\"item\":\"https:\/\/www.mbal.ch\/en\/le-mbal\/\"},{\"@type\":\"ListItem\",\"position\":3,\"name\":\"Soci\u00e9t\u00e9 des beaux-arts\"}]},{\"@type\":\"WebSite\",\"@id\":\"https:\/\/www.mbal.ch\/#website\",\"url\":\"https:\/\/www.mbal.ch\/\",\"name\":\"MBAL\",\"description\":\"Mus\u00e9e des beaux-arts du Locle\",\"publisher\":{\"@id\":\"https:\/\/www.mbal.ch\/#organization\"},\"potentialAction\":[{\"@type\":\"SearchAction\",\"target\":{\"@type\":\"EntryPoint\",\"urlTemplate\":\"https:\/\/www.mbal.ch\/?s={search_term_string}\"},\"query-input\":{\"@type\":\"PropertyValueSpecification\",\"valueRequired\":true,\"valueName\":\"search_term_string\"}}],\"inLanguage\":\"en-US\"},{\"@type\":\"Organization\",\"@id\":\"https:\/\/www.mbal.ch\/#organization\",\"name\":\"Mus\u00e9e des beaux-arts du Locle\",\"url\":\"https:\/\/www.mbal.ch\/\",\"logo\":{\"@type\":\"ImageObject\",\"inLanguage\":\"en-US\",\"@id\":\"https:\/\/www.mbal.ch\/#\/schema\/logo\/image\/\",\"url\":\"https:\/\/www.mbal.ch\/mbalwp\/wp-content\/uploads\/2021\/01\/cropped-favicon_mbal.png\",\"contentUrl\":\"https:\/\/www.mbal.ch\/mbalwp\/wp-content\/uploads\/2021\/01\/cropped-favicon_mbal.png\",\"width\":512,\"height\":512,\"caption\":\"Mus\u00e9e des beaux-arts du Locle\"},\"image\":{\"@id\":\"https:\/\/www.mbal.ch\/#\/schema\/logo\/image\/\"},\"sameAs\":[\"https:\/\/www.facebook.com\/mbalelocle\/?fref=ts\",\"https:\/\/www.instagram.com\/mbalelocle\/\"]}]}<\/script>\n<!-- \/ Yoast SEO plugin. -->","yoast_head_json":{"title":"Soci\u00e9t\u00e9 des beaux-arts - MBAL","robots":{"index":"index","follow":"follow","max-snippet":"max-snippet:-1","max-image-preview":"max-image-preview:large","max-video-preview":"max-video-preview:-1"},"canonical":"https:\/\/www.mbal.ch\/en\/le-mbal\/societe-du-musee\/","og_locale":"en_US","og_type":"article","og_title":"Soci\u00e9t\u00e9 des beaux-arts - MBAL","og_description":"Established in 1862, the Soci\u00e9t\u00e9 des beaux-arts et du mus\u00e9e is at the origin of the MBAL\u2019s foundation in 1864. Since its creation and as the main owner, the Society has contributed to maintain and increase the MBAL\u2019s collection. Consisting of a committee and contributing members, the Society is very active in the MBAL\u2019s development [&hellip;]","og_url":"https:\/\/www.mbal.ch\/en\/le-mbal\/societe-du-musee\/","og_site_name":"MBAL","article_publisher":"https:\/\/www.facebook.com\/mbalelocle\/?fref=ts","article_modified_time":"2025-06-05T13:44:00+00:00","og_image":[{"width":2391,"height":1800,"url":"https:\/\/www.mbal.ch\/mbalwp\/wp-content\/uploads\/2024\/05\/MBAL-exhib-0324-134-2-web.jpg","type":"image\/jpeg"}],"twitter_card":"summary_large_image","twitter_misc":{"Est. reading time":"1 minute"},"schema":{"@context":"https:\/\/schema.org","@graph":[{"@type":"WebPage","@id":"https:\/\/www.mbal.ch\/en\/le-mbal\/societe-du-musee\/","url":"https:\/\/www.mbal.ch\/en\/le-mbal\/societe-du-musee\/","name":"Soci\u00e9t\u00e9 des beaux-arts - MBAL","isPartOf":{"@id":"https:\/\/www.mbal.ch\/#website"},"primaryImageOfPage":{"@id":"https:\/\/www.mbal.ch\/en\/le-mbal\/societe-du-musee\/#primaryimage"},"image":{"@id":"https:\/\/www.mbal.ch\/en\/le-mbal\/societe-du-musee\/#primaryimage"},"thumbnailUrl":"https:\/\/www.mbal.ch\/mbalwp\/wp-content\/uploads\/2024\/05\/MBAL-exhib-0324-134-2-web.jpg","datePublished":"2021-01-04T10:30:58+00:00","dateModified":"2025-06-05T13:44:00+00:00","breadcrumb":{"@id":"https:\/\/www.mbal.ch\/en\/le-mbal\/societe-du-musee\/#breadcrumb"},"inLanguage":"en-US","potentialAction":[{"@type":"ReadAction","target":["https:\/\/www.mbal.ch\/en\/le-mbal\/societe-du-musee\/"]}]},{"@type":"ImageObject","inLanguage":"en-US","@id":"https:\/\/www.mbal.ch\/en\/le-mbal\/societe-du-musee\/#primaryimage","url":"https:\/\/www.mbal.ch\/mbalwp\/wp-content\/uploads\/2024\/05\/MBAL-exhib-0324-134-2-web.jpg","contentUrl":"https:\/\/www.mbal.ch\/mbalwp\/wp-content\/uploads\/2024\/05\/MBAL-exhib-0324-134-2-web.jpg","width":2391,"height":1800},{"@type":"BreadcrumbList","@id":"https:\/\/www.mbal.ch\/en\/le-mbal\/societe-du-musee\/#breadcrumb","itemListElement":[{"@type":"ListItem","position":1,"name":"Accueil","item":"https:\/\/www.mbal.ch\/en\/"},{"@type":"ListItem","position":2,"name":"The MBAL","item":"https:\/\/www.mbal.ch\/en\/le-mbal\/"},{"@type":"ListItem","position":3,"name":"Soci\u00e9t\u00e9 des beaux-arts"}]},{"@type":"WebSite","@id":"https:\/\/www.mbal.ch\/#website","url":"https:\/\/www.mbal.ch\/","name":"MBAL","description":"Mus\u00e9e des beaux-arts du Locle","publisher":{"@id":"https:\/\/www.mbal.ch\/#organization"},"potentialAction":[{"@type":"SearchAction","target":{"@type":"EntryPoint","urlTemplate":"https:\/\/www.mbal.ch\/?s={search_term_string}"},"query-input":{"@type":"PropertyValueSpecification","valueRequired":true,"valueName":"search_term_string"}}],"inLanguage":"en-US"},{"@type":"Organization","@id":"https:\/\/www.mbal.ch\/#organization","name":"Mus\u00e9e des beaux-arts du Locle","url":"https:\/\/www.mbal.ch\/","logo":{"@type":"ImageObject","inLanguage":"en-US","@id":"https:\/\/www.mbal.ch\/#\/schema\/logo\/image\/","url":"https:\/\/www.mbal.ch\/mbalwp\/wp-content\/uploads\/2021\/01\/cropped-favicon_mbal.png","contentUrl":"https:\/\/www.mbal.ch\/mbalwp\/wp-content\/uploads\/2021\/01\/cropped-favicon_mbal.png","width":512,"height":512,"caption":"Mus\u00e9e des beaux-arts du Locle"},"image":{"@id":"https:\/\/www.mbal.ch\/#\/schema\/logo\/image\/"},"sameAs":["https:\/\/www.facebook.com\/mbalelocle\/?fref=ts","https:\/\/www.instagram.com\/mbalelocle\/"]}]}},"_links":{"self":[{"href":"https:\/\/www.mbal.ch\/en\/wp-json\/wp\/v2\/pages\/1560","targetHints":{"allow":["GET"]}}],"collection":[{"href":"https:\/\/www.mbal.ch\/en\/wp-json\/wp\/v2\/pages"}],"about":[{"href":"https:\/\/www.mbal.ch\/en\/wp-json\/wp\/v2\/types\/page"}],"author":[{"embeddable":true,"href":"https:\/\/www.mbal.ch\/en\/wp-json\/wp\/v2\/users\/1"}],"replies":[{"embeddable":true,"href":"https:\/\/www.mbal.ch\/en\/wp-json\/wp\/v2\/comments?post=1560"}],"version-history":[{"count":12,"href":"https:\/\/www.mbal.ch\/en\/wp-json\/wp\/v2\/pages\/1560\/revisions"}],"predecessor-version":[{"id":7803,"href":"https:\/\/www.mbal.ch\/en\/wp-json\/wp\/v2\/pages\/1560\/revisions\/7803"}],"up":[{"embeddable":true,"href":"https:\/\/www.mbal.ch\/en\/wp-json\/wp\/v2\/pages\/1518"}],"wp:featuredmedia":[{"embeddable":true,"href":"https:\/\/www.mbal.ch\/en\/wp-json\/wp\/v2\/media\/6081"}],"wp:attachment":[{"href":"https:\/\/www.mbal.ch\/en\/wp-json\/wp\/v2\/media?parent=1560"}],"curies":[{"name":"wp","href":"https:\/\/api.w.org\/{rel}","templated":true}]}}