{"id":1512,"date":"2021-01-04T11:26:32","date_gmt":"2021-01-04T10:26:32","guid":{"rendered":"https:\/\/hawai.li\/mbal\/visiter\/"},"modified":"2025-12-12T10:39:44","modified_gmt":"2025-12-12T09:39:44","slug":"visiter","status":"publish","type":"page","link":"https:\/\/www.mbal.ch\/en\/visiter\/","title":{"rendered":"Visit"},"content":{"rendered":"\n<h1 class=\"wp-block-heading\" id=\"admissions\">Admissions<\/h1>\n\n\n\n<h2 class=\"wp-block-heading\">Opening times<\/h2>\n\n\n\n<p>The museum is <strong>temporarily closed<\/strong> for the installation of upcoming exhibitions <strong>from September 15th to October 10th<\/strong>.<\/p>\n\n\n\n<p><strong><strong>Wed &#8211; Sun<\/strong><br><\/strong>11.00 &#8211; 17.00<\/p>\n\n\n\n<p><strong><strong>Open<\/strong>&nbsp;:<\/strong> January 2nd, March 1st, Easter Friday, Easter Monday, Ascension Thursday, Whit Monday, August 1st.<strong><br><strong>Annual closure<\/strong>&nbsp;: <\/strong>December 24th, 25th and<strong> <\/strong>December 31st, January 1st.<\/p>\n\n\n\n<div style=\"height:22px\" aria-hidden=\"true\" class=\"wp-block-spacer\"><\/div>\n\n\n\n<h2 class=\"wp-block-heading\">Contact<\/h2>\n\n\n\n<p>Mus\u00e9e des Beaux-Arts<br>Marie-Anne-Calame 6<br>2400 Le Locle<br>+41 32 933 89 50<br><a href=\"mailto:mbal@ne.ch\" target=\"_blank\" rel=\"noreferrer noopener\">mbal@ne.ch<\/a><\/p>\n\n\n\n<div style=\"height:22px\" aria-hidden=\"true\" class=\"wp-block-spacer\"><\/div>\n\n\n\n<h2 class=\"wp-block-heading\">Access<\/h2>\n\n\n\n<p>Located in the centre of Le Locle, near the main square.<\/p>\n\n\n\n<p><strong>By train:<\/strong> Stop at Le Locle station. 5-minute walk from the station or 10-minute walk with the funicular, called <em>Le Remontoir<\/em>, which links the station to the town centre.<\/p>\n\n\n\n<p><strong>By bus:<\/strong> Lines 341 and 342 (stop at the station\/town centre); lines 360 and 361 (stop at Marie-Anne Calame).<\/p>\n\n\n\n<p><strong>By car:<\/strong> Car parks nearby.<\/p>\n\n\n\n<iframe src=\"https:\/\/www.google.com\/maps\/embed?pb=!1m18!1m12!1m3!1d2718.024158971224!2d6.7483468116060426!3d47.05937642548577!2m3!1f0!2f0!3f0!3m2!1i1024!2i768!4f13.1!3m3!1m2!1s0x478de579554c1065%3A0xe1b46308a728ff25!2sMus%C3%A9e%20des%20Beaux-Arts%20Le%20Locle!5e0!3m2!1sfr!2sch!4v1751981016992!5m2!1sfr!2sch\" width=\"600\" height=\"450\" style=\"border:0;\" allowfullscreen=\"\" loading=\"lazy\" referrerpolicy=\"no-referrer-when-downgrade\"><\/iframe>\n\n\n\n<div style=\"height:22px\" aria-hidden=\"true\" class=\"wp-block-spacer\"><\/div>\n\n\n\n<h2 class=\"wp-block-heading\" id=\"accessibility\">Accessibility<\/h2>\n\n\n\n<p>The museum&#8217;s floors are accessible by elevator. For people with reduced mobility, please contact the museum the day before your visit so that staff can install removable ramps for wheelchairs or baby carriages.<\/p>\n\n\n\n<p class=\"has-white-color has-text-color\">.<\/p>\n\n\n\n<h1 class=\"wp-block-heading\" id=\"events\">Visits and events<\/h1>\n\n\n\n<h2 class=\"wp-block-heading\">Guided tours<\/h2>\n\n\n\n<p>Public guided tours and lectures are organised periodically at the museum. Guided tours for groups of up to 25 people can be arranged on request. The museum also offers guided tours and workshops for young visitors and schools. Reservations can be made by phone or email with a one-week notice !<\/p>\n\n\n\n<p>T+41 (0)32 933 89 50<br><a rel=\"noreferrer noopener\" href=\"mailto:mbal@ne.ch\" target=\"_blank\">mbal@ne.ch<\/a><\/p>\n\n\n\n<p><\/p>\n\n\n\n<h1 class=\"wp-block-heading\" id=\"admissions\">Your events at the MBAL<\/h1>\n\n\n\n<p>The Mus\u00e9e des Beaux-Arts Le Locle (MBAL), a magnificent example of Art Nouveau architecture in its specific version of the Style sapin unique to the Canton of Neuch\u00e2tel, was designed by the architects Crivelli between 1906 and 1913 and completely restored in 2014. It has a total of seven rooms that can be rented during the day and also in the evening from 5 p.m. to 11 p.m. for your exclusive use.<br>The rooms we offer for rent host temporary exhibitions. Your events will take place surrounded by the works hanging on the walls, in a unique and extraordinary setting. For this reason, certain safety restrictions must be observed and there may be structural and scheduling limitations.<br>The museum can host all kinds of events, including conferences, after-work gatherings, team meals, yoga classes, and even your children&#8217;s birthday parties. Be creative!<\/p>\n\n\n\n<h2 class=\"wp-block-heading\">More information<\/h2>\n\n\n\n<p>For more information, you can download our rental brochure below.<br>If you are interested, please contact us at 032 933 89 50.<\/p>\n\n\n\n<div class=\"wp-block-buttons is-layout-flex wp-block-buttons-is-layout-flex\">\n<div class=\"wp-block-button\"><a class=\"wp-block-button__link wp-element-button\" href=\"https:\/\/www.mbal.ch\/mbalwp\/wp-content\/uploads\/2025\/11\/dossier_location-salles_-MBAL_LE_LOCLE.pdf\" target=\"_blank\" rel=\"noreferrer noopener\">Rental brochure<\/a><\/div>\n<\/div>\n\n\n\n<p class=\"has-white-color has-text-color\">.<\/p>\n\n\n\n<h1 class=\"wp-block-heading\" id=\"region\">Region<\/h1>\n\n\n\n<p>You&#8217;d like to find out about activities in the Le Locle region? We invite you to contact the City of Le Locle for more information by email at <a href=\"mailto:promotion.lelocle@ne.ch\">promotion.lelocle@ne.ch<\/a>.<\/p>\n\n\n\n<p>The canton of Neuch\u00e2tel offers a rich and varied cultural activities. Enjoy your visit at the MBAL to discover the museums, art centers and other institutions of the region.<\/p>\n\n\n\n<p><a href=\"http:\/\/www.can.ch\/\">CAN \u2013 Centre d\u2019art Neuch\u00e2tel<\/a><\/p>\n\n\n\n<p><a href=\"http:\/\/www.grange-casino.ch\/accueil\/\">Casino \u2013 La Grange Caf\u00e9-Th\u00e9\u00e2tre, Le Locle<\/a><\/p>\n\n\n\n<p><a href=\"http:\/\/www.abc-culture.ch\/\">Centre de Culture \u2013 ABC, La Chaux-de-Fonds<\/a><\/p>\n\n\n\n<p><a href=\"http:\/\/www.claap.ch\/\">Centre de loisirs et d\u2019animation de l\u2019ancienne Poste<\/a><\/p>\n\n\n\n<p><a href=\"https:\/\/exomusee.ch\/\">Exomus\u00e9e, Le Locle<\/a><\/p>\n\n\n\n<p><a href=\"http:\/\/www.galeriec.ch\/\">Galerie C, Neuch\u00e2tel<\/a><\/p>\n\n\n\n<p><a href=\"http:\/\/www.luxorfactory.ch\/\">Luxor factory \u2013 R\u00e9sidence \u2013 Atelier pour artistes<\/a><\/p>\n\n\n\n<p><a href=\"https:\/\/maisonblanche.ch\/\">Maison Blanche, La Chaux-de-Fonds<\/a><\/p>\n\n\n\n<p><a href=\"http:\/\/www.maisondubois.ch\/\">Maison Dubois, Le Locle<\/a><\/p>\n\n\n\n<p><a href=\"http:\/\/www.lesmoulins.ch\/\">Moulins souterrains du Col-des-Roches, Le Locle<\/a><\/p>\n\n\n\n<p><a href=\"http:\/\/www.mhl-monts.ch\/fr\/\">Mus\u00e9e d\u2019horlogerie Ch\u00e2teau des Monts, Le Locle<\/a><\/p>\n\n\n\n<p><a href=\"http:\/\/www.chaux-de-fonds.ch\/de\/services\/servicemusee-des-beaux-arts\">Mus\u00e9e des beaux-arts de La Chaux-de-Fonds<\/a><\/p>\n\n\n\n<p><a href=\"http:\/\/www.mahn.ch\/\">Mus\u00e9e d\u2019art et d\u2019histoire de Neuch\u00e2tel<\/a><\/p>\n\n\n\n<p><a href=\"http:\/\/www.q-g.ch\/\">Quartier G\u00e9n\u00e9ral \u2013 Centre d\u2019art Contemporain, La Chaux-de-Fonds<\/a><\/p>\n\n\n\n<p class=\"has-white-color has-text-color\">.<\/p>\n\n\n\n<h1 class=\"wp-block-heading\" id=\"rates\">Rates<\/h1>\n","protected":false},"excerpt":{"rendered":"<p>Admissions Opening times The museum is temporarily closed for the installation of upcoming exhibitions from September 15th to October 10th. Wed &#8211; Sun11.00 &#8211; 17.00 Open&nbsp;: January 2nd, March 1st, Easter Friday, Easter Monday, Ascension Thursday, Whit Monday, August 1st.Annual closure&nbsp;: December 24th, 25th and December 31st, January 1st. Contact Mus\u00e9e des Beaux-ArtsMarie-Anne-Calame 62400 Le [&hellip;]<\/p>\n","protected":false},"author":1,"featured_media":4665,"parent":0,"menu_order":0,"comment_status":"closed","ping_status":"closed","template":"template-visit.php","meta":{"_acf_changed":false,"footnotes":""},"class_list":["post-1512","page","type-page","status-publish","has-post-thumbnail","hentry"],"acf":[],"yoast_head":"<!-- This site is optimized with the Yoast SEO plugin v27.3 - https:\/\/yoast.com\/product\/yoast-seo-wordpress\/ -->\n<title>Visit - MBAL<\/title>\n<meta name=\"robots\" content=\"index, follow, max-snippet:-1, max-image-preview:large, max-video-preview:-1\" \/>\n<link rel=\"canonical\" href=\"https:\/\/www.mbal.ch\/en\/visiter\/\" \/>\n<meta property=\"og:locale\" content=\"en_US\" \/>\n<meta property=\"og:type\" content=\"article\" \/>\n<meta property=\"og:title\" content=\"Visit - MBAL\" \/>\n<meta property=\"og:description\" content=\"Admissions Opening times The museum is temporarily closed for the installation of upcoming exhibitions from September 15th to October 10th. Wed &#8211; Sun11.00 &#8211; 17.00 Open&nbsp;: January 2nd, March 1st, Easter Friday, Easter Monday, Ascension Thursday, Whit Monday, August 1st.Annual closure&nbsp;: December 24th, 25th and December 31st, January 1st. Contact Mus\u00e9e des Beaux-ArtsMarie-Anne-Calame 62400 Le [&hellip;]\" \/>\n<meta property=\"og:url\" content=\"https:\/\/www.mbal.ch\/en\/visiter\/\" \/>\n<meta property=\"og:site_name\" content=\"MBAL\" \/>\n<meta property=\"article:publisher\" content=\"https:\/\/www.facebook.com\/mbalelocle\/?fref=ts\" \/>\n<meta property=\"article:modified_time\" content=\"2025-12-12T09:39:44+00:00\" \/>\n<meta property=\"og:image\" content=\"https:\/\/www.mbal.ch\/mbalwp\/wp-content\/uploads\/2023\/09\/MBAL-0322-web-14.jpg\" \/>\n\t<meta property=\"og:image:width\" content=\"1799\" \/>\n\t<meta property=\"og:image:height\" content=\"1200\" \/>\n\t<meta property=\"og:image:type\" content=\"image\/jpeg\" \/>\n<meta name=\"twitter:card\" content=\"summary_large_image\" \/>\n<meta name=\"twitter:label1\" content=\"Est. reading time\" \/>\n\t<meta name=\"twitter:data1\" content=\"3 minutes\" \/>\n<script type=\"application\/ld+json\" class=\"yoast-schema-graph\">{\"@context\":\"https:\\\/\\\/schema.org\",\"@graph\":[{\"@type\":\"WebPage\",\"@id\":\"https:\\\/\\\/www.mbal.ch\\\/en\\\/visiter\\\/\",\"url\":\"https:\\\/\\\/www.mbal.ch\\\/en\\\/visiter\\\/\",\"name\":\"Visit - MBAL\",\"isPartOf\":{\"@id\":\"https:\\\/\\\/www.mbal.ch\\\/#website\"},\"primaryImageOfPage\":{\"@id\":\"https:\\\/\\\/www.mbal.ch\\\/en\\\/visiter\\\/#primaryimage\"},\"image\":{\"@id\":\"https:\\\/\\\/www.mbal.ch\\\/en\\\/visiter\\\/#primaryimage\"},\"thumbnailUrl\":\"https:\\\/\\\/www.mbal.ch\\\/mbalwp\\\/wp-content\\\/uploads\\\/2023\\\/09\\\/MBAL-0322-web-14.jpg\",\"datePublished\":\"2021-01-04T10:26:32+00:00\",\"dateModified\":\"2025-12-12T09:39:44+00:00\",\"breadcrumb\":{\"@id\":\"https:\\\/\\\/www.mbal.ch\\\/en\\\/visiter\\\/#breadcrumb\"},\"inLanguage\":\"en-US\",\"potentialAction\":[{\"@type\":\"ReadAction\",\"target\":[\"https:\\\/\\\/www.mbal.ch\\\/en\\\/visiter\\\/\"]}]},{\"@type\":\"ImageObject\",\"inLanguage\":\"en-US\",\"@id\":\"https:\\\/\\\/www.mbal.ch\\\/en\\\/visiter\\\/#primaryimage\",\"url\":\"https:\\\/\\\/www.mbal.ch\\\/mbalwp\\\/wp-content\\\/uploads\\\/2023\\\/09\\\/MBAL-0322-web-14.jpg\",\"contentUrl\":\"https:\\\/\\\/www.mbal.ch\\\/mbalwp\\\/wp-content\\\/uploads\\\/2023\\\/09\\\/MBAL-0322-web-14.jpg\",\"width\":1799,\"height\":1200,\"caption\":\"\u00a9 2023, Mus\u00e9e des Beaux-Arts Le Locle. Photo : Lucas Olivet. Tous droits r\u00e9serv\u00e9s.\"},{\"@type\":\"BreadcrumbList\",\"@id\":\"https:\\\/\\\/www.mbal.ch\\\/en\\\/visiter\\\/#breadcrumb\",\"itemListElement\":[{\"@type\":\"ListItem\",\"position\":1,\"name\":\"Accueil\",\"item\":\"https:\\\/\\\/www.mbal.ch\\\/en\\\/\"},{\"@type\":\"ListItem\",\"position\":2,\"name\":\"Visit\"}]},{\"@type\":\"WebSite\",\"@id\":\"https:\\\/\\\/www.mbal.ch\\\/#website\",\"url\":\"https:\\\/\\\/www.mbal.ch\\\/\",\"name\":\"MBAL\",\"description\":\"Mus\u00e9e des beaux-arts du Locle\",\"publisher\":{\"@id\":\"https:\\\/\\\/www.mbal.ch\\\/#organization\"},\"potentialAction\":[{\"@type\":\"SearchAction\",\"target\":{\"@type\":\"EntryPoint\",\"urlTemplate\":\"https:\\\/\\\/www.mbal.ch\\\/?s={search_term_string}\"},\"query-input\":{\"@type\":\"PropertyValueSpecification\",\"valueRequired\":true,\"valueName\":\"search_term_string\"}}],\"inLanguage\":\"en-US\"},{\"@type\":\"Organization\",\"@id\":\"https:\\\/\\\/www.mbal.ch\\\/#organization\",\"name\":\"Mus\u00e9e des beaux-arts du Locle\",\"url\":\"https:\\\/\\\/www.mbal.ch\\\/\",\"logo\":{\"@type\":\"ImageObject\",\"inLanguage\":\"en-US\",\"@id\":\"https:\\\/\\\/www.mbal.ch\\\/#\\\/schema\\\/logo\\\/image\\\/\",\"url\":\"https:\\\/\\\/www.mbal.ch\\\/mbalwp\\\/wp-content\\\/uploads\\\/2021\\\/01\\\/cropped-favicon_mbal.png\",\"contentUrl\":\"https:\\\/\\\/www.mbal.ch\\\/mbalwp\\\/wp-content\\\/uploads\\\/2021\\\/01\\\/cropped-favicon_mbal.png\",\"width\":512,\"height\":512,\"caption\":\"Mus\u00e9e des beaux-arts du Locle\"},\"image\":{\"@id\":\"https:\\\/\\\/www.mbal.ch\\\/#\\\/schema\\\/logo\\\/image\\\/\"},\"sameAs\":[\"https:\\\/\\\/www.facebook.com\\\/mbalelocle\\\/?fref=ts\",\"https:\\\/\\\/www.instagram.com\\\/mbalelocle\\\/\"]}]}<\/script>\n<!-- \/ Yoast SEO plugin. -->","yoast_head_json":{"title":"Visit - MBAL","robots":{"index":"index","follow":"follow","max-snippet":"max-snippet:-1","max-image-preview":"max-image-preview:large","max-video-preview":"max-video-preview:-1"},"canonical":"https:\/\/www.mbal.ch\/en\/visiter\/","og_locale":"en_US","og_type":"article","og_title":"Visit - MBAL","og_description":"Admissions Opening times The museum is temporarily closed for the installation of upcoming exhibitions from September 15th to October 10th. Wed &#8211; Sun11.00 &#8211; 17.00 Open&nbsp;: January 2nd, March 1st, Easter Friday, Easter Monday, Ascension Thursday, Whit Monday, August 1st.Annual closure&nbsp;: December 24th, 25th and December 31st, January 1st. Contact Mus\u00e9e des Beaux-ArtsMarie-Anne-Calame 62400 Le [&hellip;]","og_url":"https:\/\/www.mbal.ch\/en\/visiter\/","og_site_name":"MBAL","article_publisher":"https:\/\/www.facebook.com\/mbalelocle\/?fref=ts","article_modified_time":"2025-12-12T09:39:44+00:00","og_image":[{"width":1799,"height":1200,"url":"https:\/\/www.mbal.ch\/mbalwp\/wp-content\/uploads\/2023\/09\/MBAL-0322-web-14.jpg","type":"image\/jpeg"}],"twitter_card":"summary_large_image","twitter_misc":{"Est. reading time":"3 minutes"},"schema":{"@context":"https:\/\/schema.org","@graph":[{"@type":"WebPage","@id":"https:\/\/www.mbal.ch\/en\/visiter\/","url":"https:\/\/www.mbal.ch\/en\/visiter\/","name":"Visit - MBAL","isPartOf":{"@id":"https:\/\/www.mbal.ch\/#website"},"primaryImageOfPage":{"@id":"https:\/\/www.mbal.ch\/en\/visiter\/#primaryimage"},"image":{"@id":"https:\/\/www.mbal.ch\/en\/visiter\/#primaryimage"},"thumbnailUrl":"https:\/\/www.mbal.ch\/mbalwp\/wp-content\/uploads\/2023\/09\/MBAL-0322-web-14.jpg","datePublished":"2021-01-04T10:26:32+00:00","dateModified":"2025-12-12T09:39:44+00:00","breadcrumb":{"@id":"https:\/\/www.mbal.ch\/en\/visiter\/#breadcrumb"},"inLanguage":"en-US","potentialAction":[{"@type":"ReadAction","target":["https:\/\/www.mbal.ch\/en\/visiter\/"]}]},{"@type":"ImageObject","inLanguage":"en-US","@id":"https:\/\/www.mbal.ch\/en\/visiter\/#primaryimage","url":"https:\/\/www.mbal.ch\/mbalwp\/wp-content\/uploads\/2023\/09\/MBAL-0322-web-14.jpg","contentUrl":"https:\/\/www.mbal.ch\/mbalwp\/wp-content\/uploads\/2023\/09\/MBAL-0322-web-14.jpg","width":1799,"height":1200,"caption":"\u00a9 2023, Mus\u00e9e des Beaux-Arts Le Locle. Photo : Lucas Olivet. Tous droits r\u00e9serv\u00e9s."},{"@type":"BreadcrumbList","@id":"https:\/\/www.mbal.ch\/en\/visiter\/#breadcrumb","itemListElement":[{"@type":"ListItem","position":1,"name":"Accueil","item":"https:\/\/www.mbal.ch\/en\/"},{"@type":"ListItem","position":2,"name":"Visit"}]},{"@type":"WebSite","@id":"https:\/\/www.mbal.ch\/#website","url":"https:\/\/www.mbal.ch\/","name":"MBAL","description":"Mus\u00e9e des beaux-arts du Locle","publisher":{"@id":"https:\/\/www.mbal.ch\/#organization"},"potentialAction":[{"@type":"SearchAction","target":{"@type":"EntryPoint","urlTemplate":"https:\/\/www.mbal.ch\/?s={search_term_string}"},"query-input":{"@type":"PropertyValueSpecification","valueRequired":true,"valueName":"search_term_string"}}],"inLanguage":"en-US"},{"@type":"Organization","@id":"https:\/\/www.mbal.ch\/#organization","name":"Mus\u00e9e des beaux-arts du Locle","url":"https:\/\/www.mbal.ch\/","logo":{"@type":"ImageObject","inLanguage":"en-US","@id":"https:\/\/www.mbal.ch\/#\/schema\/logo\/image\/","url":"https:\/\/www.mbal.ch\/mbalwp\/wp-content\/uploads\/2021\/01\/cropped-favicon_mbal.png","contentUrl":"https:\/\/www.mbal.ch\/mbalwp\/wp-content\/uploads\/2021\/01\/cropped-favicon_mbal.png","width":512,"height":512,"caption":"Mus\u00e9e des beaux-arts du Locle"},"image":{"@id":"https:\/\/www.mbal.ch\/#\/schema\/logo\/image\/"},"sameAs":["https:\/\/www.facebook.com\/mbalelocle\/?fref=ts","https:\/\/www.instagram.com\/mbalelocle\/"]}]}},"_links":{"self":[{"href":"https:\/\/www.mbal.ch\/en\/wp-json\/wp\/v2\/pages\/1512","targetHints":{"allow":["GET"]}}],"collection":[{"href":"https:\/\/www.mbal.ch\/en\/wp-json\/wp\/v2\/pages"}],"about":[{"href":"https:\/\/www.mbal.ch\/en\/wp-json\/wp\/v2\/types\/page"}],"author":[{"embeddable":true,"href":"https:\/\/www.mbal.ch\/en\/wp-json\/wp\/v2\/users\/1"}],"replies":[{"embeddable":true,"href":"https:\/\/www.mbal.ch\/en\/wp-json\/wp\/v2\/comments?post=1512"}],"version-history":[{"count":51,"href":"https:\/\/www.mbal.ch\/en\/wp-json\/wp\/v2\/pages\/1512\/revisions"}],"predecessor-version":[{"id":8907,"href":"https:\/\/www.mbal.ch\/en\/wp-json\/wp\/v2\/pages\/1512\/revisions\/8907"}],"wp:featuredmedia":[{"embeddable":true,"href":"https:\/\/www.mbal.ch\/en\/wp-json\/wp\/v2\/media\/4665"}],"wp:attachment":[{"href":"https:\/\/www.mbal.ch\/en\/wp-json\/wp\/v2\/media?parent=1512"}],"curies":[{"name":"wp","href":"https:\/\/api.w.org\/{rel}","templated":true}]}}